{"id":6,"date":"2024-06-14T14:29:16","date_gmt":"2024-06-14T14:29:16","guid":{"rendered":"https:\/\/ateliercf.be\/?page_id=6"},"modified":"2025-07-29T12:28:50","modified_gmt":"2025-07-29T12:28:50","slug":"mes-services","status":"publish","type":"page","link":"https:\/\/ateliercf.be\/en\/mes-services\/","title":{"rendered":"My Services"},"content":{"rendered":"<div class=\"wp-block-group alignfull has-global-padding is-layout-constrained wp-block-group-is-layout-constrained\">\n<div class=\"wp-block-cover alignfull is-light wp-duotone-duotone-1\" style=\"min-height:350px;aspect-ratio:unset;\"><span aria-hidden=\"true\" class=\"wp-block-cover__background has-background-dim\" style=\"background-color:#706a61\"><\/span><img loading=\"lazy\" decoding=\"async\" width=\"2560\" height=\"1706\" class=\"wp-block-cover__image-background wp-image-321\" alt=\"\" src=\"https:\/\/ateliercf.be\/wp-content\/uploads\/2024\/06\/pexels-cottonbro-4614217-2-scaled.jpg\" style=\"object-position:53% 78%\" data-object-fit=\"cover\" data-object-position=\"53% 78%\" srcset=\"https:\/\/ateliercf.be\/wp-content\/uploads\/2024\/06\/pexels-cottonbro-4614217-2-scaled.jpg 2560w, https:\/\/ateliercf.be\/wp-content\/uploads\/2024\/06\/pexels-cottonbro-4614217-2-300x200.jpg 300w, https:\/\/ateliercf.be\/wp-content\/uploads\/2024\/06\/pexels-cottonbro-4614217-2-1024x683.jpg 1024w, https:\/\/ateliercf.be\/wp-content\/uploads\/2024\/06\/pexels-cottonbro-4614217-2-768x512.jpg 768w, https:\/\/ateliercf.be\/wp-content\/uploads\/2024\/06\/pexels-cottonbro-4614217-2-1536x1024.jpg 1536w, https:\/\/ateliercf.be\/wp-content\/uploads\/2024\/06\/pexels-cottonbro-4614217-2-2048x1365.jpg 2048w\" sizes=\"(max-width: 2560px) 100vw, 2560px\" \/><div class=\"wp-block-cover__inner-container has-global-padding is-layout-constrained wp-container-core-cover-is-layout-1 wp-block-cover-is-layout-constrained\">\n<h1 class=\"wp-block-heading alignfull has-text-align-center has-custom-color-16-color has-text-color has-link-color has-x-large-font-size wp-elements-0545d75bacf8b5bb20056352555500b0\">What I do for you :<\/h1>\n<\/div><\/div>\n<\/div>\n\n\n\n<div class=\"wp-block-group alignfull has-custom-color-31-background-color has-background has-global-padding is-layout-constrained wp-block-group-is-layout-constrained\" style=\"margin-top:0;margin-bottom:0;padding-top:var(--wp--preset--spacing--10);padding-bottom:var(--wp--preset--spacing--10)\">\n<h2 class=\"wp-block-heading has-text-align-center\" style=\"margin-top:0;margin-right:0;margin-bottom:0;margin-left:0;padding-top:var(--wp--preset--spacing--30);padding-bottom:var(--wp--preset--spacing--30)\">Pattern Making<\/h2>\n\n\n\n<div class=\"wp-block-columns is-layout-flex wp-container-core-columns-is-layout-1 wp-block-columns-is-layout-flex\" style=\"padding-top:0;padding-bottom:0\">\n<div class=\"wp-block-column is-vertically-aligned-center has-global-padding is-layout-constrained wp-container-core-column-is-layout-1 wp-block-column-is-layout-constrained\" style=\"padding-right:var(--wp--preset--spacing--30);padding-left:var(--wp--preset--spacing--30);flex-basis:50%\">\n<p class=\"has-text-align-left wp-container-content-1\" style=\"margin-top:0;margin-right:0;margin-bottom:0;margin-left:0;padding-top:0;padding-right:0;padding-bottom:0;padding-left:0\">From your sketch, a first pattern is drafted, in one size only. your file will include :<\/p>\n\n\n\n<ul class=\"wp-block-list\">\n<li>one digital pattern in dxf\/rul<\/li>\n\n\n\n<li>a technical file including :\n<ul class=\"wp-block-list\">\n<li>the technical sketch<\/li>\n\n\n\n<li>the size specification<\/li>\n\n\n\n<li>an estimate of the fabric consumption and accessories<\/li>\n\n\n\n<li>the technical explanations of assembly<\/li>\n<\/ul>\n<\/li>\n<\/ul>\n<\/div>\n\n\n\n<div class=\"wp-block-column is-vertically-aligned-center is-layout-flow wp-container-core-column-is-layout-2 wp-block-column-is-layout-flow\" style=\"padding-top:var(--wp--preset--spacing--20);padding-right:0;padding-bottom:var(--wp--preset--spacing--20);padding-left:0;flex-basis:50%\">\n<figure class=\"wp-block-image aligncenter size-large\"><img loading=\"lazy\" decoding=\"async\" width=\"683\" height=\"1024\" src=\"https:\/\/ateliercf.be\/wp-content\/uploads\/2024\/06\/pexels-michael-burrows-7147465-683x1024.jpg\" alt=\"\" class=\"wp-image-239\" style=\"aspect-ratio:1;object-fit:cover\" srcset=\"https:\/\/ateliercf.be\/wp-content\/uploads\/2024\/06\/pexels-michael-burrows-7147465-683x1024.jpg 683w, https:\/\/ateliercf.be\/wp-content\/uploads\/2024\/06\/pexels-michael-burrows-7147465-200x300.jpg 200w, https:\/\/ateliercf.be\/wp-content\/uploads\/2024\/06\/pexels-michael-burrows-7147465-768x1152.jpg 768w, https:\/\/ateliercf.be\/wp-content\/uploads\/2024\/06\/pexels-michael-burrows-7147465-1024x1536.jpg 1024w, https:\/\/ateliercf.be\/wp-content\/uploads\/2024\/06\/pexels-michael-burrows-7147465-1365x2048.jpg 1365w, https:\/\/ateliercf.be\/wp-content\/uploads\/2024\/06\/pexels-michael-burrows-7147465-scaled.jpg 1707w\" sizes=\"(max-width: 683px) 100vw, 683px\" \/><\/figure>\n<\/div>\n<\/div>\n<\/div>\n\n\n\n<div class=\"wp-block-group alignfull has-custom-color-18-background-color has-background has-global-padding is-layout-constrained wp-container-core-group-is-layout-3 wp-block-group-is-layout-constrained\" style=\"margin-top:0;margin-bottom:0;padding-top:var(--wp--preset--spacing--10);padding-bottom:var(--wp--preset--spacing--10)\">\n<h2 class=\"wp-block-heading has-text-align-center\" style=\"margin-top:var(--wp--preset--spacing--30);margin-bottom:var(--wp--preset--spacing--30)\">Prototypes<\/h2>\n\n\n\n<div class=\"wp-block-columns is-layout-flex wp-container-core-columns-is-layout-2 wp-block-columns-is-layout-flex\" style=\"padding-top:0;padding-bottom:0\">\n<div class=\"wp-block-column is-layout-flow wp-block-column-is-layout-flow\" style=\"padding-top:var(--wp--preset--spacing--20);padding-bottom:var(--wp--preset--spacing--20);flex-basis:50%\">\n<figure class=\"wp-block-image aligncenter size-large\"><img loading=\"lazy\" decoding=\"async\" width=\"683\" height=\"1024\" src=\"https:\/\/ateliercf.be\/wp-content\/uploads\/2024\/06\/pexels-shvetsa-5830696-683x1024.jpg\" alt=\"\" class=\"wp-image-38\" style=\"aspect-ratio:1;object-fit:cover\" srcset=\"https:\/\/ateliercf.be\/wp-content\/uploads\/2024\/06\/pexels-shvetsa-5830696-683x1024.jpg 683w, https:\/\/ateliercf.be\/wp-content\/uploads\/2024\/06\/pexels-shvetsa-5830696-200x300.jpg 200w, https:\/\/ateliercf.be\/wp-content\/uploads\/2024\/06\/pexels-shvetsa-5830696-768x1152.jpg 768w, https:\/\/ateliercf.be\/wp-content\/uploads\/2024\/06\/pexels-shvetsa-5830696-1024x1536.jpg 1024w, https:\/\/ateliercf.be\/wp-content\/uploads\/2024\/06\/pexels-shvetsa-5830696-1365x2048.jpg 1365w, https:\/\/ateliercf.be\/wp-content\/uploads\/2024\/06\/pexels-shvetsa-5830696-scaled.jpg 1707w\" sizes=\"(max-width: 683px) 100vw, 683px\" \/><\/figure>\n<\/div>\n\n\n\n<div class=\"wp-block-column is-vertically-aligned-center has-global-padding is-layout-constrained wp-container-core-column-is-layout-4 wp-block-column-is-layout-constrained\" style=\"padding-right:var(--wp--preset--spacing--30);padding-left:var(--wp--preset--spacing--30);flex-basis:50%\">\n<p class=\"wp-container-content-2\" style=\"margin-top:0;margin-right:0;margin-bottom:0;margin-left:0;padding-top:0;padding-bottom:0\">Once the first pattern has been drawn, the toile (first prototype) is sewn up. This is an important stage for checking the proportions of your model, as well as its fit.<\/p>\n\n\n\n<p class=\"wp-container-content-3\" style=\"margin-top:0;margin-right:0;margin-bottom:0;margin-left:0;padding-top:0;padding-bottom:0\"><br>After the fitting and corrections are done to the patterns, we can also make the final prototype, which can be displayed in your showroom.<\/p>\n<\/div>\n<\/div>\n<\/div>\n\n\n\n<div class=\"wp-block-group alignfull has-custom-color-16-background-color has-background has-global-padding is-layout-constrained wp-block-group-is-layout-constrained\" style=\"margin-top:0;margin-bottom:0;padding-top:var(--wp--preset--spacing--10);padding-bottom:var(--wp--preset--spacing--10)\">\n<h2 class=\"wp-block-heading has-text-align-center\" style=\"margin-top:var(--wp--preset--spacing--30);margin-bottom:var(--wp--preset--spacing--30)\">Production<\/h2>\n\n\n\n<div class=\"wp-block-columns is-layout-flex wp-container-core-columns-is-layout-3 wp-block-columns-is-layout-flex\">\n<div class=\"wp-block-column is-vertically-aligned-center has-global-padding is-layout-constrained wp-container-core-column-is-layout-5 wp-block-column-is-layout-constrained\" style=\"padding-right:var(--wp--preset--spacing--30);padding-left:var(--wp--preset--spacing--30);flex-basis:50%\">\n<p class=\"wp-container-content-4\" style=\"margin-top:0;margin-right:0;margin-bottom:0;margin-left:0;padding-top:0;padding-bottom:0\">Once the collection finished, we can finally head to the production :<\/p>\n\n\n\n<ul class=\"wp-block-list\">\n<li>the digital pattern, with its grading in all your sizes, in dxf\/rul (standard format)<\/li>\n\n\n\n<li>the technical file for production, complete and finale, including :\n<ul class=\"wp-block-list\">\n<li>the technical sketch<\/li>\n\n\n\n<li>the size specification, with the grading<\/li>\n\n\n\n<li>an estimate of the fabric consumption and accessories<\/li>\n\n\n\n<li>the technical explanations of assembly<\/li>\n\n\n\n<li>the history of development comments with advice and remarks for the supplier<\/li>\n\n\n\n<li>the complete layplan, according to the width of your production fabric<\/li>\n<\/ul>\n<\/li>\n<\/ul>\n<\/div>\n\n\n\n<div class=\"wp-block-column is-layout-flow wp-block-column-is-layout-flow\" style=\"padding-top:var(--wp--preset--spacing--20);padding-bottom:var(--wp--preset--spacing--20);flex-basis:50%\">\n<figure class=\"wp-block-image aligncenter size-large\"><img loading=\"lazy\" decoding=\"async\" width=\"1024\" height=\"683\" src=\"https:\/\/ateliercf.be\/wp-content\/uploads\/2024\/06\/pexels-cristian-rojas-8030175-1024x683.jpg\" alt=\"\" class=\"wp-image-39\" style=\"aspect-ratio:1;object-fit:cover\" srcset=\"https:\/\/ateliercf.be\/wp-content\/uploads\/2024\/06\/pexels-cristian-rojas-8030175-1024x683.jpg 1024w, https:\/\/ateliercf.be\/wp-content\/uploads\/2024\/06\/pexels-cristian-rojas-8030175-300x200.jpg 300w, https:\/\/ateliercf.be\/wp-content\/uploads\/2024\/06\/pexels-cristian-rojas-8030175-768x512.jpg 768w, https:\/\/ateliercf.be\/wp-content\/uploads\/2024\/06\/pexels-cristian-rojas-8030175-1536x1024.jpg 1536w, https:\/\/ateliercf.be\/wp-content\/uploads\/2024\/06\/pexels-cristian-rojas-8030175-2048x1365.jpg 2048w\" sizes=\"(max-width: 1024px) 100vw, 1024px\" \/><\/figure>\n<\/div>\n<\/div>\n<\/div>\n\n\n\n<div class=\"wp-block-group alignfull has-custom-color-25-background-color has-background has-global-padding is-layout-constrained wp-container-core-group-is-layout-5 wp-block-group-is-layout-constrained\" style=\"margin-top:0;margin-bottom:0;padding-top:var(--wp--preset--spacing--10);padding-right:0;padding-bottom:var(--wp--preset--spacing--10);padding-left:0\">\n<h2 class=\"wp-block-heading has-text-align-center has-custom-color-17-color has-text-color has-link-color wp-elements-debf051032027ebe002727914e7a1796\" style=\"margin-top:var(--wp--preset--spacing--30);margin-bottom:var(--wp--preset--spacing--30)\">What else ?<\/h2>\n\n\n\n<div class=\"wp-block-columns is-layout-flex wp-container-core-columns-is-layout-4 wp-block-columns-is-layout-flex\">\n<div class=\"wp-block-column is-layout-flow wp-block-column-is-layout-flow\" style=\"padding-top:var(--wp--preset--spacing--20);padding-bottom:var(--wp--preset--spacing--20);flex-basis:50%\">\n<figure class=\"wp-block-image aligncenter size-large\"><img loading=\"lazy\" decoding=\"async\" width=\"1024\" height=\"682\" src=\"https:\/\/ateliercf.be\/wp-content\/uploads\/2024\/06\/DY0A4365-1024x682.jpg\" alt=\"\" class=\"wp-image-148\" style=\"aspect-ratio:1;object-fit:cover\" srcset=\"https:\/\/ateliercf.be\/wp-content\/uploads\/2024\/06\/DY0A4365-1024x682.jpg 1024w, https:\/\/ateliercf.be\/wp-content\/uploads\/2024\/06\/DY0A4365-300x200.jpg 300w, https:\/\/ateliercf.be\/wp-content\/uploads\/2024\/06\/DY0A4365-768x512.jpg 768w, https:\/\/ateliercf.be\/wp-content\/uploads\/2024\/06\/DY0A4365-1536x1024.jpg 1536w, https:\/\/ateliercf.be\/wp-content\/uploads\/2024\/06\/DY0A4365.jpg 2000w\" sizes=\"(max-width: 1024px) 100vw, 1024px\" \/><\/figure>\n<\/div>\n\n\n\n<div class=\"wp-block-column is-vertically-aligned-center has-global-padding is-layout-constrained wp-container-core-column-is-layout-8 wp-block-column-is-layout-constrained\" style=\"padding-right:var(--wp--preset--spacing--30);padding-left:var(--wp--preset--spacing--30);flex-basis:50%\">\n<p class=\"has-custom-color-16-color has-text-color has-link-color wp-elements-584c4ef79ef7e7d91b92c0022e736ec9 wp-container-content-5\" style=\"margin-top:0;margin-right:0;margin-bottom:0;margin-left:0;padding-top:0;padding-bottom:0\">Beside the pattern drafting and prototypes making, we also offer the following services :<\/p>\n\n\n\n<ul class=\"wp-block-list has-custom-color-16-color has-text-color has-link-color wp-elements-ebd7fc32ee31398d371d97e231e8653c\">\n<li>the digitizing of your paper patterns into digital patterns, in dxf\/rul (standard format)<\/li>\n\n\n\n<li>the plotting of your digital patterns in scale 1:1, with our professional plotter (160cm paper width)<\/li>\n<\/ul>\n<\/div>\n<\/div>\n<\/div>\n\n\n\n<div class=\"wp-block-group alignfull has-global-padding is-layout-constrained wp-container-core-group-is-layout-6 wp-block-group-is-layout-constrained\" style=\"margin-top:0;margin-bottom:0;padding-top:0;padding-right:0;padding-bottom:0;padding-left:0\">\n<div class=\"wp-block-cover alignfull is-light wp-duotone-duotone-1\" style=\"margin-top:0;margin-bottom:0;padding-top:0;padding-right:0;padding-bottom:0;padding-left:0;min-height:350px;aspect-ratio:unset;\"><span aria-hidden=\"true\" class=\"wp-block-cover__background has-background-dim\" style=\"background-color:#706a61\"><\/span><img loading=\"lazy\" decoding=\"async\" width=\"2560\" height=\"1706\" class=\"wp-block-cover__image-background wp-image-321\" alt=\"\" src=\"https:\/\/ateliercf.be\/wp-content\/uploads\/2024\/06\/pexels-cottonbro-4614217-2-scaled.jpg\" style=\"object-position:48% 74%\" data-object-fit=\"cover\" data-object-position=\"48% 74%\" srcset=\"https:\/\/ateliercf.be\/wp-content\/uploads\/2024\/06\/pexels-cottonbro-4614217-2-scaled.jpg 2560w, https:\/\/ateliercf.be\/wp-content\/uploads\/2024\/06\/pexels-cottonbro-4614217-2-300x200.jpg 300w, https:\/\/ateliercf.be\/wp-content\/uploads\/2024\/06\/pexels-cottonbro-4614217-2-1024x683.jpg 1024w, https:\/\/ateliercf.be\/wp-content\/uploads\/2024\/06\/pexels-cottonbro-4614217-2-768x512.jpg 768w, https:\/\/ateliercf.be\/wp-content\/uploads\/2024\/06\/pexels-cottonbro-4614217-2-1536x1024.jpg 1536w, https:\/\/ateliercf.be\/wp-content\/uploads\/2024\/06\/pexels-cottonbro-4614217-2-2048x1365.jpg 2048w\" sizes=\"(max-width: 2560px) 100vw, 2560px\" \/><div class=\"wp-block-cover__inner-container has-global-padding is-layout-constrained wp-container-core-cover-is-layout-2 wp-block-cover-is-layout-constrained\">\n<h1 class=\"wp-block-heading alignfull has-text-align-center has-custom-color-16-color has-text-color has-link-color has-x-large-font-size wp-elements-afd620585c29eb35c51294cbae357afe\">And at what price ?<\/h1>\n<\/div><\/div>\n<\/div>\n\n\n\n<div class=\"wp-block-group has-global-padding is-layout-constrained wp-block-group-is-layout-constrained\" style=\"padding-top:var(--wp--preset--spacing--20);padding-bottom:var(--wp--preset--spacing--20)\">\n<p>As I don't work with the fixed price system (which I find rather disadvantageous for the customer), I invoice at an hourly rate.<\/p>\n\n\n\n<p>Ceci \u00e9tant, je con\u00e7ois que \u00e7a peut para\u00eetre tr\u00e8s abstrait pour certains. C&rsquo;est pourquoi je vous ai mis deux exemples concrets de patronages et leur co\u00fbt, du d\u00e9veloppement \u00e0 partir de votre dessin \/ photo jusqu&rsquo;aux patrons finaux, grad\u00e9s, et pr\u00eats pour la production chez votre fournisseur.<\/p>\n\n\n\n<p>Je peux \u00e9galement vous renseigner en amont via un devis sur les co\u00fbts des patrons, de la production et \/ ou des prototypes. N&rsquo;h\u00e9sitez pas et demandez-moi votre devis !<\/p>\n\n\n\n<div class=\"wp-block-buttons is-layout-flex wp-block-buttons-is-layout-flex\" style=\"margin-top:var(--wp--preset--spacing--20);margin-bottom:var(--wp--preset--spacing--20)\">\n<div class=\"wp-block-button\"><a class=\"wp-block-button__link wp-element-button\" href=\"mailto:ateliercf@hotmail.com\" target=\"_blank\" rel=\"noreferrer noopener\">My quote in 48h !<\/a><\/div>\n<\/div>\n<\/div>\n\n\n\n<div class=\"wp-block-group alignfull has-custom-color-30-background-color has-background has-global-padding is-layout-constrained wp-block-group-is-layout-constrained\" style=\"padding-top:var(--wp--preset--spacing--10);padding-bottom:var(--wp--preset--spacing--10)\">\n<h3 class=\"wp-block-heading has-text-align-center has-custom-color-15-color has-text-color has-link-color wp-elements-6e918218bed06dac41d1b7a10c1a1d01\" style=\"margin-top:var(--wp--preset--spacing--20);margin-bottom:var(--wp--preset--spacing--20)\">An example of a skirt<\/h3>\n\n\n\n<div class=\"wp-block-columns is-layout-flex wp-container-core-columns-is-layout-5 wp-block-columns-is-layout-flex\">\n<div class=\"wp-block-column is-vertically-aligned-center has-custom-color-16-color has-text-color has-link-color wp-elements-694862046e49ea1091de3839aa48404c has-global-padding is-layout-constrained wp-container-core-column-is-layout-9 wp-block-column-is-layout-constrained\" style=\"padding-right:var(--wp--preset--spacing--30);padding-left:var(--wp--preset--spacing--30);flex-basis:50%\">\n<p class=\"wp-container-content-6\" style=\"margin-top:0;margin-right:0;margin-bottom:0;margin-left:0;padding-top:0;padding-right:0;padding-bottom:0;padding-left:0\">For this wrap skirt, these were the different steps needed :<\/p>\n\n\n\n<ul class=\"wp-block-list\">\n<li>the digital pattern : 40\u20ac<\/li>\n\n\n\n<li>the technical file : 28\u20ac<\/li>\n\n\n\n<li>the amending : 14\u20ac<\/li>\n\n\n\n<li>the grading : 36\u20ac<\/li>\n<\/ul>\n\n\n\n<div style=\"height:15px\" aria-hidden=\"true\" class=\"wp-block-spacer\"><\/div>\n\n\n\n<p class=\"wp-container-content-7\" style=\"margin-top:0;margin-right:0;margin-bottom:0;margin-left:0;padding-top:0;padding-right:0;padding-bottom:0;padding-left:0\">Total : 118\u20ac<\/p>\n<\/div>\n\n\n\n<div class=\"wp-block-column is-layout-flow wp-block-column-is-layout-flow\" style=\"padding-top:var(--wp--preset--spacing--20);padding-bottom:var(--wp--preset--spacing--20);flex-basis:50%\">\n<figure class=\"wp-block-image aligncenter size-large is-resized\"><img loading=\"lazy\" decoding=\"async\" width=\"1095\" height=\"1549\" src=\"https:\/\/ateliercf.be\/wp-content\/uploads\/2024\/06\/exemple-jupe-2-edited.png\" alt=\"\" class=\"wp-image-715\" style=\"aspect-ratio:1;object-fit:cover;width:248px;height:auto\" srcset=\"https:\/\/ateliercf.be\/wp-content\/uploads\/2024\/06\/exemple-jupe-2-edited.png 1095w, https:\/\/ateliercf.be\/wp-content\/uploads\/2024\/06\/exemple-jupe-2-edited-212x300.png 212w, https:\/\/ateliercf.be\/wp-content\/uploads\/2024\/06\/exemple-jupe-2-edited-724x1024.png 724w, https:\/\/ateliercf.be\/wp-content\/uploads\/2024\/06\/exemple-jupe-2-edited-768x1086.png 768w, https:\/\/ateliercf.be\/wp-content\/uploads\/2024\/06\/exemple-jupe-2-edited-1086x1536.png 1086w, https:\/\/ateliercf.be\/wp-content\/uploads\/2024\/06\/exemple-jupe-2-edited-8x12.png 8w\" sizes=\"(max-width: 1095px) 100vw, 1095px\" \/><\/figure>\n<\/div>\n<\/div>\n<\/div>\n\n\n\n<div class=\"wp-block-group alignfull has-custom-color-17-background-color has-background has-global-padding is-layout-constrained wp-container-core-group-is-layout-9 wp-block-group-is-layout-constrained\" style=\"margin-top:0;margin-bottom:0;padding-top:var(--wp--preset--spacing--10);padding-bottom:var(--wp--preset--spacing--10)\">\n<h3 class=\"wp-block-heading has-text-align-center\" style=\"margin-top:var(--wp--preset--spacing--20);margin-bottom:var(--wp--preset--spacing--20)\">An example of a dress<\/h3>\n\n\n\n<div class=\"wp-block-columns is-layout-flex wp-container-core-columns-is-layout-6 wp-block-columns-is-layout-flex\">\n<div class=\"wp-block-column is-layout-flow wp-block-column-is-layout-flow\" style=\"padding-top:var(--wp--preset--spacing--20);padding-bottom:var(--wp--preset--spacing--20);flex-basis:50%\">\n<figure class=\"wp-block-image aligncenter size-large is-resized\"><img loading=\"lazy\" decoding=\"async\" width=\"724\" height=\"1024\" src=\"https:\/\/ateliercf.be\/wp-content\/uploads\/2024\/06\/exemple-robe-2-724x1024.png\" alt=\"\" class=\"wp-image-717\" style=\"aspect-ratio:1;object-fit:cover;width:398px;height:auto\" srcset=\"https:\/\/ateliercf.be\/wp-content\/uploads\/2024\/06\/exemple-robe-2-724x1024.png 724w, https:\/\/ateliercf.be\/wp-content\/uploads\/2024\/06\/exemple-robe-2-212x300.png 212w, https:\/\/ateliercf.be\/wp-content\/uploads\/2024\/06\/exemple-robe-2-768x1086.png 768w, https:\/\/ateliercf.be\/wp-content\/uploads\/2024\/06\/exemple-robe-2-1086x1536.png 1086w, https:\/\/ateliercf.be\/wp-content\/uploads\/2024\/06\/exemple-robe-2-1448x2048.png 1448w, https:\/\/ateliercf.be\/wp-content\/uploads\/2024\/06\/exemple-robe-2-8x12.png 8w, https:\/\/ateliercf.be\/wp-content\/uploads\/2024\/06\/exemple-robe-2.png 1654w\" sizes=\"(max-width: 724px) 100vw, 724px\" \/><\/figure>\n<\/div>\n\n\n\n<div class=\"wp-block-column is-vertically-aligned-center has-custom-color-28-color has-text-color has-link-color wp-elements-87ec0d436cba80e35827602b14baa338 has-global-padding is-layout-constrained wp-container-core-column-is-layout-12 wp-block-column-is-layout-constrained\" style=\"padding-right:var(--wp--preset--spacing--30);padding-left:var(--wp--preset--spacing--30);flex-basis:50%\">\n<p class=\"wp-container-content-8\" style=\"margin-top:0;margin-right:0;margin-bottom:0;margin-left:0;padding-top:0;padding-right:0;padding-bottom:0;padding-left:0\">For this puffy sleeve dress, the steps needed were :<\/p>\n\n\n\n<ul class=\"wp-block-list\">\n<li>the digital pattern : 112\u20ac<\/li>\n\n\n\n<li>the technical file : 36\u20ac<\/li>\n\n\n\n<li>the first correction : 54\u20ac<\/li>\n\n\n\n<li>the second correction : 28\u20ac<\/li>\n\n\n\n<li>the last correction : 5\u20ac<\/li>\n\n\n\n<li>the grading : 80\u20ac<\/li>\n<\/ul>\n\n\n\n<div style=\"height:15px\" aria-hidden=\"true\" class=\"wp-block-spacer\"><\/div>\n\n\n\n<p class=\"wp-container-content-9\" style=\"margin-top:0;margin-right:0;margin-bottom:0;margin-left:0;padding-top:0;padding-right:0;padding-bottom:0;padding-left:0\">Total : 315\u20ac<\/p>\n<\/div>\n<\/div>\n<\/div>","protected":false},"excerpt":{"rendered":"<p>D\u00e9veloppement de patronages A partir de votre croquis \/ photo, un premier patronage est \u00e9labor\u00e9, en taille unique. Votre dossier comportera : Prototypages Une fois le premier patron dessin\u00e9, la toile est fa\u00e7onn\u00e9e. Il s&rsquo;agit d&rsquo;une \u00e9tape importante pour v\u00e9rifier les proportions de votre mod\u00e8le mais aussi son bien-aller. Apr\u00e8s l&rsquo;essayage et les corrections effectu\u00e9es [&hellip;]<\/p>","protected":false},"author":1,"featured_media":0,"parent":0,"menu_order":0,"comment_status":"closed","ping_status":"closed","template":"page-no-title","meta":{"footnotes":""},"class_list":["post-6","page","type-page","status-publish","hentry"],"_links":{"self":[{"href":"https:\/\/ateliercf.be\/en\/wp-json\/wp\/v2\/pages\/6"}],"collection":[{"href":"https:\/\/ateliercf.be\/en\/wp-json\/wp\/v2\/pages"}],"about":[{"href":"https:\/\/ateliercf.be\/en\/wp-json\/wp\/v2\/types\/page"}],"author":[{"embeddable":true,"href":"https:\/\/ateliercf.be\/en\/wp-json\/wp\/v2\/users\/1"}],"replies":[{"embeddable":true,"href":"https:\/\/ateliercf.be\/en\/wp-json\/wp\/v2\/comments?post=6"}],"version-history":[{"count":89,"href":"https:\/\/ateliercf.be\/en\/wp-json\/wp\/v2\/pages\/6\/revisions"}],"predecessor-version":[{"id":823,"href":"https:\/\/ateliercf.be\/en\/wp-json\/wp\/v2\/pages\/6\/revisions\/823"}],"wp:attachment":[{"href":"https:\/\/ateliercf.be\/en\/wp-json\/wp\/v2\/media?parent=6"}],"curies":[{"name":"wp","href":"https:\/\/api.w.org\/{rel}","templated":true}]}}