{"id":13,"date":"2024-06-14T14:31:44","date_gmt":"2024-06-14T14:31:44","guid":{"rendered":"https:\/\/ateliercf.be\/?page_id=13"},"modified":"2024-09-17T13:43:59","modified_gmt":"2024-09-17T13:43:59","slug":"a-propos","status":"publish","type":"page","link":"https:\/\/ateliercf.be\/en\/a-propos\/","title":{"rendered":"About"},"content":{"rendered":"<div class=\"wp-block-group alignfull has-global-padding is-layout-constrained wp-block-group-is-layout-constrained\">\n<div class=\"wp-block-cover alignfull is-light wp-duotone-duotone-1\" style=\"min-height:350px;aspect-ratio:unset;\"><span aria-hidden=\"true\" class=\"wp-block-cover__background has-background-dim\" style=\"background-color:#706a61\"><\/span><img loading=\"lazy\" decoding=\"async\" width=\"2560\" height=\"1707\" class=\"wp-block-cover__image-background wp-image-339\" alt=\"\" src=\"https:\/\/ateliercf.be\/wp-content\/uploads\/2024\/06\/pexels-tima-miroshnichenko-6766247-scaled.jpg\" data-object-fit=\"cover\" srcset=\"https:\/\/ateliercf.be\/wp-content\/uploads\/2024\/06\/pexels-tima-miroshnichenko-6766247-scaled.jpg 2560w, https:\/\/ateliercf.be\/wp-content\/uploads\/2024\/06\/pexels-tima-miroshnichenko-6766247-300x200.jpg 300w, https:\/\/ateliercf.be\/wp-content\/uploads\/2024\/06\/pexels-tima-miroshnichenko-6766247-1024x683.jpg 1024w, https:\/\/ateliercf.be\/wp-content\/uploads\/2024\/06\/pexels-tima-miroshnichenko-6766247-768x512.jpg 768w, https:\/\/ateliercf.be\/wp-content\/uploads\/2024\/06\/pexels-tima-miroshnichenko-6766247-1536x1024.jpg 1536w, https:\/\/ateliercf.be\/wp-content\/uploads\/2024\/06\/pexels-tima-miroshnichenko-6766247-2048x1365.jpg 2048w\" sizes=\"(max-width: 2560px) 100vw, 2560px\" \/><div class=\"wp-block-cover__inner-container has-global-padding is-layout-constrained wp-container-core-cover-is-layout-1 wp-block-cover-is-layout-constrained\">\n<h1 class=\"wp-block-heading alignfull has-text-align-center has-custom-color-31-color has-text-color has-link-color has-x-large-font-size wp-elements-ec6ad8df350bb4cac1ea7feb6e3e0cb3\">Who am I ?<\/h1>\n<\/div><\/div>\n<\/div>\n\n\n\n<div style=\"height:35px\" aria-hidden=\"true\" class=\"wp-block-spacer\"><\/div>\n\n\n\n<div class=\"wp-block-columns is-layout-flex wp-container-core-columns-is-layout-1 wp-block-columns-is-layout-flex\">\n<div class=\"wp-block-column is-vertically-aligned-center is-layout-flow wp-block-column-is-layout-flow\">\n<p>I am passionate about fashion and design in all its forms.<\/p>\n\n\n\n<p>After a wealth of experience as a pattern maker in companies, I decided to launch my own project, Atelier Crazy Fingers, to get as close as possible to the creative process. I like working directly with designers to help them turn their ideas into a garment made of fabric and thread, and to give them the invisible but necessary technical assistance they need for any fashion collection project...<\/p>\n\n\n\n<p>As I'm curious, I love learning and I'm constantly updating my knowledge of new technologies and textile possibilities: from leather techniques to the creation of textile art to enhance an outfit, not forgetting upcycling or zero waste patterns to limit our ecological impact...<\/p>\n\n\n\n<p>Available to support start-ups, freelance designers, established SMEs or project leaders still in the early stages, please do not hesitate to contact me! I look forward to seeing the fruits of our future collaboration.<\/p>\n\n\n\n<p>Isabelle<br><\/p>\n<\/div>\n\n\n\n<div class=\"wp-block-column is-layout-flow wp-block-column-is-layout-flow\">\n<figure class=\"wp-block-image size-large\"><img loading=\"lazy\" decoding=\"async\" width=\"1490\" height=\"1490\" src=\"https:\/\/ateliercf.be\/wp-content\/uploads\/2024\/06\/WP_20170801_19_52_14_Pro-edited.jpg\" alt=\"\" class=\"wp-image-276\" srcset=\"https:\/\/ateliercf.be\/wp-content\/uploads\/2024\/06\/WP_20170801_19_52_14_Pro-edited.jpg 1490w, https:\/\/ateliercf.be\/wp-content\/uploads\/2024\/06\/WP_20170801_19_52_14_Pro-edited-300x300.jpg 300w, https:\/\/ateliercf.be\/wp-content\/uploads\/2024\/06\/WP_20170801_19_52_14_Pro-edited-1024x1024.jpg 1024w, https:\/\/ateliercf.be\/wp-content\/uploads\/2024\/06\/WP_20170801_19_52_14_Pro-edited-150x150.jpg 150w, https:\/\/ateliercf.be\/wp-content\/uploads\/2024\/06\/WP_20170801_19_52_14_Pro-edited-768x768.jpg 768w\" sizes=\"(max-width: 1490px) 100vw, 1490px\" \/><\/figure>\n<\/div>\n<\/div>\n\n\n\n<div style=\"height:35px\" aria-hidden=\"true\" class=\"wp-block-spacer\"><\/div>","protected":false},"excerpt":{"rendered":"<p>Je suis passionn\u00e9e par le milieu de la mode et de la cr\u00e9ation sous toutes ses formes. Apr\u00e8s une riche exp\u00e9rience de mod\u00e9liste en entreprises, j\u2019ai d\u00e9cid\u00e9 de lancer mon projet Atelier Crazy Fingers pour \u00eatre au plus pr\u00e8s de la cr\u00e9ation. J\u2019aime collaborer directement avec les designers pour les aider \u00e0 r\u00e9aliser leurs id\u00e9es [&hellip;]<\/p>","protected":false},"author":1,"featured_media":0,"parent":0,"menu_order":0,"comment_status":"closed","ping_status":"closed","template":"page-no-title","meta":{"footnotes":""},"class_list":["post-13","page","type-page","status-publish","hentry"],"_links":{"self":[{"href":"https:\/\/ateliercf.be\/en\/wp-json\/wp\/v2\/pages\/13"}],"collection":[{"href":"https:\/\/ateliercf.be\/en\/wp-json\/wp\/v2\/pages"}],"about":[{"href":"https:\/\/ateliercf.be\/en\/wp-json\/wp\/v2\/types\/page"}],"author":[{"embeddable":true,"href":"https:\/\/ateliercf.be\/en\/wp-json\/wp\/v2\/users\/1"}],"replies":[{"embeddable":true,"href":"https:\/\/ateliercf.be\/en\/wp-json\/wp\/v2\/comments?post=13"}],"version-history":[{"count":16,"href":"https:\/\/ateliercf.be\/en\/wp-json\/wp\/v2\/pages\/13\/revisions"}],"predecessor-version":[{"id":818,"href":"https:\/\/ateliercf.be\/en\/wp-json\/wp\/v2\/pages\/13\/revisions\/818"}],"wp:attachment":[{"href":"https:\/\/ateliercf.be\/en\/wp-json\/wp\/v2\/media?parent=13"}],"curies":[{"name":"wp","href":"https:\/\/api.w.org\/{rel}","templated":true}]}}